{"id":13,"date":"2024-12-01T23:57:00","date_gmt":"2024-12-01T22:57:00","guid":{"rendered":"https:\/\/www.avalastgame.com\/blog\/?page_id=13"},"modified":"2024-12-08T02:14:06","modified_gmt":"2024-12-08T01:14:06","slug":"video-interattivi-per-giocare","status":"publish","type":"page","link":"https:\/\/www.avalastgame.com\/blog\/video-interattivi-per-giocare\/","title":{"rendered":"Video interattivi"},"content":{"rendered":"\n<p>I video interattivi da giocare online sono video in cui lo spettatore-giocatore pu\u00f2 compiere delle scelte per <strong>indirizzare la narrazione<\/strong>.<\/p>\n\n\n\n<p>Si tratta, in pratica, di pi\u00f9 video collegati tra loro alla fine dei quali si pu\u00f2 operare una scelta. Attraverso le schermate finali, <strong>possiamo infatti decidere cosa far fare al protagonista della storia.<\/strong> In questo modo, alla fine della <a href=\"https:\/\/www.avalast.it\/storie-interattive\">storia interattiva<\/a> si pu\u00f2 ricominciare da capo e operare scelte differenti che porteranno a vedere finali diversi.<\/p>\n\n\n<div class=\"wp-block-image\">\n<figure class=\"aligncenter size-full\"><img loading=\"lazy\" decoding=\"async\" width=\"225\" height=\"225\" src=\"https:\/\/www.avalastgame.com\/blog\/wp-content\/uploads\/2024\/12\/book.jpg\" alt=\"Video interattivi da giocare online.\" class=\"wp-image-62\" srcset=\"https:\/\/www.avalastgame.com\/blog\/wp-content\/uploads\/2024\/12\/book.jpg 225w, https:\/\/www.avalastgame.com\/blog\/wp-content\/uploads\/2024\/12\/book-150x150.jpg 150w\" sizes=\"auto, (max-width: 225px) 100vw, 225px\" \/><\/figure>\n<\/div>\n\n\n<p>Su Avalast game ci sono video interattivi da giocare online di diverso tipo (caccia al tesoro, avventura nel castello stregato, escape room, ecc&#8230;) a cui \u00e8 possibile giocare.<\/p>\n\n\n\n<p>Ecco un video che spiega come funzionano i video da giocare online su Avalast game:<\/p>\n\n\n\n<figure class=\"wp-block-embed is-type-video is-provider-youtube wp-block-embed-youtube wp-embed-aspect-16-9 wp-has-aspect-ratio\"><div class=\"wp-block-embed__wrapper\">\n<p class=\"responsive-video-wrap clr\"><iframe loading=\"lazy\" title=\"Grandi avventure online con i video interattivi!\" width=\"1200\" height=\"675\" src=\"https:\/\/www.youtube.com\/embed\/-YbHwM-afQU?feature=oembed\" frameborder=\"0\" allow=\"accelerometer; autoplay; clipboard-write; encrypted-media; gyroscope; picture-in-picture; web-share\" referrerpolicy=\"strict-origin-when-cross-origin\" allowfullscreen><\/iframe><\/p>\n<\/div><\/figure>\n\n\n\n<p><\/p>\n\n\n\n<h2 class=\"wp-block-heading\">Finali diversi nei video interattivi da giocare<\/h2>\n\n\n\n<p>I finali delle storie narrate nei video interattivi di Avalast game possono essere di tre tipi diversi:<\/p>\n\n\n\n<p><\/p>\n\n\n\n<ul class=\"wp-block-list\">\n<li>La missione spiegata all&#8217;inizio del primo video \u00e8 compiuta. Abbiamo vinto.<\/li>\n\n\n\n<li>La missione \u00e8 fallita. Abbiamo perso.<\/li>\n\n\n\n<li>Finale ibrido: la missione \u00e8 compiuta, ma qualcosa va storto e il finale non \u00e8 del tutto positivo.<\/li>\n<\/ul>\n\n\n\n<h2 class=\"wp-block-heading\">I commenti saranno considerati<\/h2>\n\n\n\n<p>Ogni singolo video interattivo di una storia pu\u00f2 essere commentato ed \u00e8 possibile lasciare un lilke. Questo consentir\u00e0 di avere dei feedback per migliorare le storie e creare video sempre pi\u00f9 belle e appassionanti. Potete anche suggerire nuovi argomenti o ambientazioni per le storie future!<br>Tutti i commenti saranno valutati e presi in considerazione.<\/p>\n\n\n\n<h2 class=\"wp-block-heading\">Integrazione con i videogiochi di Avalast<\/h2>\n\n\n\n<p>Spesso i personaggi, gli eventi e le situazioni presenti nei video interattivi corrispondono a quelli dei videogiochi originali di Avalast game! Questo contribuisce a creare una gigantesca storia formata da video interattivi, racconti e <a href=\"https:\/\/www.avalastgame.com\/giochi-nuovi.php\">giochi online<\/a>! Inoltre, in questo modo sar\u00e0 possibile scoprire retroscena legati ad altri giochi o video.<\/p>\n\n\n\n<p>In Avalast game, ci sono sempre segreti e colpi di scena da scoprire e trovare nei video interattivi da giocare online!<\/p>\n\n\n\n<p><\/p>\n","protected":false},"excerpt":{"rendered":"<p>I video interattivi da giocare online sono video in cui lo spettatore-giocatore pu\u00f2 compiere delle scelte per indirizzare la narrazione. Si tratta, in pratica, di pi\u00f9 video collegati tra loro alla fine dei quali si pu\u00f2 operare una scelta. Attraverso le schermate finali, possiamo infatti decidere cosa far fare al protagonista della storia. In questo [&hellip;]<\/p>\n","protected":false},"author":1,"featured_media":0,"parent":0,"menu_order":0,"comment_status":"closed","ping_status":"closed","template":"","meta":{"footnotes":""},"class_list":["post-13","page","type-page","status-publish","hentry","entry"],"yoast_head":"<!-- This site is optimized with the Yoast SEO plugin v25.5 - https:\/\/yoast.com\/wordpress\/plugins\/seo\/ -->\n<title>Video interattivi - Video interattivi<\/title>\n<meta name=\"description\" content=\"Video interattivi da giocare online su Avalast game! Fai le tue scelte e vivi grandi avventure online con le storie interattive.\" \/>\n<meta name=\"robots\" content=\"index, follow, max-snippet:-1, max-image-preview:large, max-video-preview:-1\" \/>\n<link rel=\"canonical\" href=\"https:\/\/www.avalastgame.com\/blog\/video-interattivi-per-giocare\/\" \/>\n<meta property=\"og:locale\" content=\"it_IT\" \/>\n<meta property=\"og:type\" content=\"article\" \/>\n<meta property=\"og:title\" content=\"Video interattivi - Video interattivi\" \/>\n<meta property=\"og:description\" content=\"Video interattivi da giocare online su Avalast game! Fai le tue scelte e vivi grandi avventure online con le storie interattive.\" \/>\n<meta property=\"og:url\" content=\"https:\/\/www.avalastgame.com\/blog\/video-interattivi-per-giocare\/\" \/>\n<meta property=\"og:site_name\" content=\"Avalast Game\" \/>\n<meta property=\"article:modified_time\" content=\"2024-12-08T01:14:06+00:00\" \/>\n<meta property=\"og:image\" content=\"https:\/\/www.avalastgame.com\/blog\/wp-content\/uploads\/2024\/12\/book.jpg\" \/>\n\t<meta property=\"og:image:width\" content=\"225\" \/>\n\t<meta property=\"og:image:height\" content=\"225\" \/>\n\t<meta property=\"og:image:type\" content=\"image\/jpeg\" \/>\n<meta name=\"twitter:card\" content=\"summary_large_image\" \/>\n<meta name=\"twitter:label1\" content=\"Tempo di lettura stimato\" \/>\n\t<meta name=\"twitter:data1\" content=\"2 minuti\" \/>\n<script type=\"application\/ld+json\" class=\"yoast-schema-graph\">{\"@context\":\"https:\/\/schema.org\",\"@graph\":[{\"@type\":\"WebPage\",\"@id\":\"https:\/\/www.avalastgame.com\/blog\/video-interattivi-per-giocare\/\",\"url\":\"https:\/\/www.avalastgame.com\/blog\/video-interattivi-per-giocare\/\",\"name\":\"Video interattivi - Video interattivi\",\"isPartOf\":{\"@id\":\"https:\/\/www.avalastgame.com\/blog\/#website\"},\"primaryImageOfPage\":{\"@id\":\"https:\/\/www.avalastgame.com\/blog\/video-interattivi-per-giocare\/#primaryimage\"},\"image\":{\"@id\":\"https:\/\/www.avalastgame.com\/blog\/video-interattivi-per-giocare\/#primaryimage\"},\"thumbnailUrl\":\"https:\/\/www.avalastgame.com\/blog\/wp-content\/uploads\/2024\/12\/book.jpg\",\"datePublished\":\"2024-12-01T22:57:00+00:00\",\"dateModified\":\"2024-12-08T01:14:06+00:00\",\"description\":\"Video interattivi da giocare online su Avalast game! Fai le tue scelte e vivi grandi avventure online con le storie interattive.\",\"breadcrumb\":{\"@id\":\"https:\/\/www.avalastgame.com\/blog\/video-interattivi-per-giocare\/#breadcrumb\"},\"inLanguage\":\"it-IT\",\"potentialAction\":[{\"@type\":\"ReadAction\",\"target\":[\"https:\/\/www.avalastgame.com\/blog\/video-interattivi-per-giocare\/\"]}]},{\"@type\":\"ImageObject\",\"inLanguage\":\"it-IT\",\"@id\":\"https:\/\/www.avalastgame.com\/blog\/video-interattivi-per-giocare\/#primaryimage\",\"url\":\"https:\/\/www.avalastgame.com\/blog\/wp-content\/uploads\/2024\/12\/book.jpg\",\"contentUrl\":\"https:\/\/www.avalastgame.com\/blog\/wp-content\/uploads\/2024\/12\/book.jpg\",\"width\":225,\"height\":225},{\"@type\":\"BreadcrumbList\",\"@id\":\"https:\/\/www.avalastgame.com\/blog\/video-interattivi-per-giocare\/#breadcrumb\",\"itemListElement\":[{\"@type\":\"ListItem\",\"position\":1,\"name\":\"Home\",\"item\":\"https:\/\/www.avalastgame.com\/blog\/\"},{\"@type\":\"ListItem\",\"position\":2,\"name\":\"Video interattivi\"}]},{\"@type\":\"WebSite\",\"@id\":\"https:\/\/www.avalastgame.com\/blog\/#website\",\"url\":\"https:\/\/www.avalastgame.com\/blog\/\",\"name\":\"Avalast Game\",\"description\":\"Retrogaming,nuovi giochi e video interattivi\",\"publisher\":{\"@id\":\"https:\/\/www.avalastgame.com\/blog\/#\/schema\/person\/fff181313c4ac41821b806cd185b8198\"},\"potentialAction\":[{\"@type\":\"SearchAction\",\"target\":{\"@type\":\"EntryPoint\",\"urlTemplate\":\"https:\/\/www.avalastgame.com\/blog\/?s={search_term_string}\"},\"query-input\":{\"@type\":\"PropertyValueSpecification\",\"valueRequired\":true,\"valueName\":\"search_term_string\"}}],\"inLanguage\":\"it-IT\"},{\"@type\":[\"Person\",\"Organization\"],\"@id\":\"https:\/\/www.avalastgame.com\/blog\/#\/schema\/person\/fff181313c4ac41821b806cd185b8198\",\"name\":\"Bryan\",\"image\":{\"@type\":\"ImageObject\",\"inLanguage\":\"it-IT\",\"@id\":\"https:\/\/www.avalastgame.com\/blog\/#\/schema\/person\/image\/\",\"url\":\"https:\/\/www.avalastgame.com\/blog\/wp-content\/uploads\/2024\/12\/cropped-avalast-logo-blog.png\",\"contentUrl\":\"https:\/\/www.avalastgame.com\/blog\/wp-content\/uploads\/2024\/12\/cropped-avalast-logo-blog.png\",\"width\":290,\"height\":101,\"caption\":\"Bryan\"},\"logo\":{\"@id\":\"https:\/\/www.avalastgame.com\/blog\/#\/schema\/person\/image\/\"},\"sameAs\":[\"https:\/\/www.avalastgame.com\/blog\"]}]}<\/script>\n<!-- \/ Yoast SEO plugin. -->","yoast_head_json":{"title":"Video interattivi - Video interattivi","description":"Video interattivi da giocare online su Avalast game! Fai le tue scelte e vivi grandi avventure online con le storie interattive.","robots":{"index":"index","follow":"follow","max-snippet":"max-snippet:-1","max-image-preview":"max-image-preview:large","max-video-preview":"max-video-preview:-1"},"canonical":"https:\/\/www.avalastgame.com\/blog\/video-interattivi-per-giocare\/","og_locale":"it_IT","og_type":"article","og_title":"Video interattivi - Video interattivi","og_description":"Video interattivi da giocare online su Avalast game! Fai le tue scelte e vivi grandi avventure online con le storie interattive.","og_url":"https:\/\/www.avalastgame.com\/blog\/video-interattivi-per-giocare\/","og_site_name":"Avalast Game","article_modified_time":"2024-12-08T01:14:06+00:00","og_image":[{"width":225,"height":225,"url":"https:\/\/www.avalastgame.com\/blog\/wp-content\/uploads\/2024\/12\/book.jpg","type":"image\/jpeg"}],"twitter_card":"summary_large_image","twitter_misc":{"Tempo di lettura stimato":"2 minuti"},"schema":{"@context":"https:\/\/schema.org","@graph":[{"@type":"WebPage","@id":"https:\/\/www.avalastgame.com\/blog\/video-interattivi-per-giocare\/","url":"https:\/\/www.avalastgame.com\/blog\/video-interattivi-per-giocare\/","name":"Video interattivi - Video interattivi","isPartOf":{"@id":"https:\/\/www.avalastgame.com\/blog\/#website"},"primaryImageOfPage":{"@id":"https:\/\/www.avalastgame.com\/blog\/video-interattivi-per-giocare\/#primaryimage"},"image":{"@id":"https:\/\/www.avalastgame.com\/blog\/video-interattivi-per-giocare\/#primaryimage"},"thumbnailUrl":"https:\/\/www.avalastgame.com\/blog\/wp-content\/uploads\/2024\/12\/book.jpg","datePublished":"2024-12-01T22:57:00+00:00","dateModified":"2024-12-08T01:14:06+00:00","description":"Video interattivi da giocare online su Avalast game! Fai le tue scelte e vivi grandi avventure online con le storie interattive.","breadcrumb":{"@id":"https:\/\/www.avalastgame.com\/blog\/video-interattivi-per-giocare\/#breadcrumb"},"inLanguage":"it-IT","potentialAction":[{"@type":"ReadAction","target":["https:\/\/www.avalastgame.com\/blog\/video-interattivi-per-giocare\/"]}]},{"@type":"ImageObject","inLanguage":"it-IT","@id":"https:\/\/www.avalastgame.com\/blog\/video-interattivi-per-giocare\/#primaryimage","url":"https:\/\/www.avalastgame.com\/blog\/wp-content\/uploads\/2024\/12\/book.jpg","contentUrl":"https:\/\/www.avalastgame.com\/blog\/wp-content\/uploads\/2024\/12\/book.jpg","width":225,"height":225},{"@type":"BreadcrumbList","@id":"https:\/\/www.avalastgame.com\/blog\/video-interattivi-per-giocare\/#breadcrumb","itemListElement":[{"@type":"ListItem","position":1,"name":"Home","item":"https:\/\/www.avalastgame.com\/blog\/"},{"@type":"ListItem","position":2,"name":"Video interattivi"}]},{"@type":"WebSite","@id":"https:\/\/www.avalastgame.com\/blog\/#website","url":"https:\/\/www.avalastgame.com\/blog\/","name":"Avalast Game","description":"Retrogaming,nuovi giochi e video interattivi","publisher":{"@id":"https:\/\/www.avalastgame.com\/blog\/#\/schema\/person\/fff181313c4ac41821b806cd185b8198"},"potentialAction":[{"@type":"SearchAction","target":{"@type":"EntryPoint","urlTemplate":"https:\/\/www.avalastgame.com\/blog\/?s={search_term_string}"},"query-input":{"@type":"PropertyValueSpecification","valueRequired":true,"valueName":"search_term_string"}}],"inLanguage":"it-IT"},{"@type":["Person","Organization"],"@id":"https:\/\/www.avalastgame.com\/blog\/#\/schema\/person\/fff181313c4ac41821b806cd185b8198","name":"Bryan","image":{"@type":"ImageObject","inLanguage":"it-IT","@id":"https:\/\/www.avalastgame.com\/blog\/#\/schema\/person\/image\/","url":"https:\/\/www.avalastgame.com\/blog\/wp-content\/uploads\/2024\/12\/cropped-avalast-logo-blog.png","contentUrl":"https:\/\/www.avalastgame.com\/blog\/wp-content\/uploads\/2024\/12\/cropped-avalast-logo-blog.png","width":290,"height":101,"caption":"Bryan"},"logo":{"@id":"https:\/\/www.avalastgame.com\/blog\/#\/schema\/person\/image\/"},"sameAs":["https:\/\/www.avalastgame.com\/blog"]}]}},"_links":{"self":[{"href":"https:\/\/www.avalastgame.com\/blog\/wp-json\/wp\/v2\/pages\/13","targetHints":{"allow":["GET"]}}],"collection":[{"href":"https:\/\/www.avalastgame.com\/blog\/wp-json\/wp\/v2\/pages"}],"about":[{"href":"https:\/\/www.avalastgame.com\/blog\/wp-json\/wp\/v2\/types\/page"}],"author":[{"embeddable":true,"href":"https:\/\/www.avalastgame.com\/blog\/wp-json\/wp\/v2\/users\/1"}],"replies":[{"embeddable":true,"href":"https:\/\/www.avalastgame.com\/blog\/wp-json\/wp\/v2\/comments?post=13"}],"version-history":[{"count":8,"href":"https:\/\/www.avalastgame.com\/blog\/wp-json\/wp\/v2\/pages\/13\/revisions"}],"predecessor-version":[{"id":102,"href":"https:\/\/www.avalastgame.com\/blog\/wp-json\/wp\/v2\/pages\/13\/revisions\/102"}],"wp:attachment":[{"href":"https:\/\/www.avalastgame.com\/blog\/wp-json\/wp\/v2\/media?parent=13"}],"curies":[{"name":"wp","href":"https:\/\/api.w.org\/{rel}","templated":true}]}}